{"id":2599,"date":"2022-02-14T14:34:03","date_gmt":"2022-02-14T13:34:03","guid":{"rendered":"https:\/\/www.casadastrabancas.gal\/contact\/"},"modified":"2022-02-14T14:34:03","modified_gmt":"2022-02-14T13:34:03","slug":"contact","status":"publish","type":"page","link":"https:\/\/www.casadastrabancas.gal\/en\/contact\/","title":{"rendered":"Contact"},"content":{"rendered":"<p>[et_pb_section fb_built=&#8221;1&#8243; fullwidth=&#8221;on&#8221; _builder_version=&#8221;4.9.7&#8243; _module_preset=&#8221;default&#8221;][et_pb_fullwidth_map address=&#8221;Madrid, Espa\u00f1a&#8221; zoom_level=&#8221;5&#8243; address_lat=&#8221;40.4167754&#8243; address_lng=&#8221;-3.7037902&#8243; _builder_version=&#8221;4.9.7&#8243; _module_preset=&#8221;default&#8221; hover_enabled=&#8221;0&#8243; module_id=&#8221;mapa-contacto&#8221; sticky_enabled=&#8221;0&#8243;][et_pb_map_pin title=&#8221;Casa das Trabancas&#8221; pin_address=&#8221;R. Ord\u00f3\u00f1ez, 26, 36700 Tui, Pontevedra, Espa\u00f1a&#8221; pin_address_lat=&#8221;42.0468106&#8243; pin_address_lng=&#8221;-8.6450372&#8243; _builder_version=&#8221;4.9.7&#8243; _module_preset=&#8221;default&#8221; hover_enabled=&#8221;0&#8243; sticky_enabled=&#8221;0&#8243;]<\/p>\n<p>R\u00faa Ordo\u00f1ez, 26 \/ 36700 Tui (Pontevedra)<\/p>\n<p><a href=\"https:\/\/www.google.es\/maps\/place\/Casa+das+Trabancas\/@42.0468106,-8.6450372,15z\/data=!4m8!3m7!1s0x0:0x4aab9ab1c224c266!5m2!4m1!1i2!8m2!3d42.0468264!4d-8.645066\" target=\"_blank\" rel=\"noopener\">How to get there<\/a><\/p>\n<p>[\/et_pb_map_pin][\/et_pb_fullwidth_map][\/et_pb_section][et_pb_section fb_built=&#8221;1&#8243; _builder_version=&#8221;4.9.7&#8243; _module_preset=&#8221;default&#8221; custom_padding=&#8221;75px||||false|false&#8221; hover_enabled=&#8221;0&#8243; sticky_enabled=&#8221;0&#8243;][et_pb_row _builder_version=&#8221;4.9.7&#8243; _module_preset=&#8221;default&#8221;][et_pb_column type=&#8221;4_4&#8243; _builder_version=&#8221;4.9.7&#8243; _module_preset=&#8221;default&#8221;][et_pb_text _builder_version=&#8221;4.9.7&#8243; _module_preset=&#8221;default&#8221; header_2_font=&#8221;Raleway|500|||||||&#8221; header_2_font_size=&#8221;35px&#8221;]<\/p>\n<h2>Contact<\/h2>\n<p>[\/et_pb_text][\/et_pb_column][\/et_pb_row][et_pb_row column_structure=&#8221;1_2,1_2&#8243; _builder_version=&#8221;4.9.7&#8243; _module_preset=&#8221;default&#8221;][et_pb_column type=&#8221;1_2&#8243; _builder_version=&#8221;4.9.7&#8243; _module_preset=&#8221;default&#8221;][et_pb_text _builder_version=&#8221;4.9.7&#8243; _module_preset=&#8221;default&#8221;]<\/p>\n\n<div class=\"wpcf7 no-js\" id=\"wpcf7-f2603-o1\" lang=\"en-US\" dir=\"ltr\" data-wpcf7-id=\"2603\">\n<div class=\"screen-reader-response\"><p role=\"status\" aria-live=\"polite\" aria-atomic=\"true\"><\/p> <ul><\/ul><\/div>\n<form action=\"\/en\/wp-json\/wp\/v2\/pages\/2599#wpcf7-f2603-o1\" method=\"post\" class=\"wpcf7-form init\" aria-label=\"Contact form\" novalidate=\"novalidate\" data-status=\"init\">\n<fieldset class=\"hidden-fields-container\"><input type=\"hidden\" name=\"_wpcf7\" value=\"2603\" \/><input type=\"hidden\" name=\"_wpcf7_version\" value=\"6.1.4\" \/><input type=\"hidden\" name=\"_wpcf7_locale\" value=\"en_US\" \/><input type=\"hidden\" name=\"_wpcf7_unit_tag\" value=\"wpcf7-f2603-o1\" \/><input type=\"hidden\" name=\"_wpcf7_container_post\" value=\"0\" \/><input type=\"hidden\" name=\"_wpcf7_posted_data_hash\" value=\"\" \/>\n<\/fieldset>\n<p><label> Name (*)<br \/>\n<span class=\"wpcf7-form-control-wrap\" data-name=\"your-name\"><input size=\"40\" maxlength=\"400\" class=\"wpcf7-form-control wpcf7-text wpcf7-validates-as-required\" aria-required=\"true\" aria-invalid=\"false\" value=\"\" type=\"text\" name=\"your-name\" \/><\/span> <\/label>\n<\/p>\n<p><label> E-mail (*)<br \/>\n<span class=\"wpcf7-form-control-wrap\" data-name=\"your-email\"><input size=\"40\" maxlength=\"400\" class=\"wpcf7-form-control wpcf7-email wpcf7-validates-as-required wpcf7-text wpcf7-validates-as-email\" aria-required=\"true\" aria-invalid=\"false\" value=\"\" type=\"email\" name=\"your-email\" \/><\/span> <\/label>\n<\/p>\n<p><label> Subject<br \/>\n<span class=\"wpcf7-form-control-wrap\" data-name=\"your-subject\"><input size=\"40\" maxlength=\"400\" class=\"wpcf7-form-control wpcf7-text\" aria-invalid=\"false\" value=\"\" type=\"text\" name=\"your-subject\" \/><\/span> <\/label>\n<\/p>\n<p><label> Message<br \/>\n<span class=\"wpcf7-form-control-wrap\" data-name=\"your-message\"><textarea cols=\"40\" rows=\"10\" maxlength=\"2000\" class=\"wpcf7-form-control wpcf7-textarea\" aria-invalid=\"false\" name=\"your-message\"><\/textarea><\/span> <\/label>\n<\/p>\n<div id=\"lopd\">\n\t<p>We have always been committed to providing our services with the highest degree of quality, which includes treating your data securely and transparently. Our principles are:\n\t<\/p>\n\t<ul>\n\t\t<li>\n\t\t\t<p><strong>Legality:<\/strong> We will only collect your Personal Data for specified, explicit and legitimate purposes.\n\t\t\t<\/p>\n\t\t<\/li>\n\t\t<li>\n\t\t\t<p><strong>Data minimisation:<\/strong> We limit the collection of personal data to what is strictly relevant and necessary for the purposes for which it was collected.\n\t\t\t<\/p>\n\t\t<\/li>\n\t\t<li>\n\t\t\t<p><strong>Purpose limitation:<\/strong> We will only collect your personal data for the stated purposes and only in accordance with your wishes.\n\t\t\t<\/p>\n\t\t<\/li>\n\t\t<li>\n\t\t\t<p><strong>Accuracy:<\/strong> We will keep your personal data accurate and up to date.\n\t\t\t<\/p>\n\t\t<\/li>\n\t\t<li>\n\t\t\t<p><strong>Data Security:<\/strong> We implement appropriate technical and organisational measures proportionate to the risks to ensure that your data is not harmed, such as unauthorised disclosure or access, accidental or unlawful destruction or accidental loss or alteration and any other form of unlawful processing.\n\t\t\t<\/p>\n\t\t<\/li>\n\t\t<li>\n\t\t\t<p><strong>Access and Rectification:<\/strong> We have the means for you to access or rectify your data whenever you consider it appropriate.\n\t\t\t<\/p>\n\t\t<\/li>\n\t\t<li>\n\t\t\t<p><strong>Retention:<\/strong> We retain your personal data in a lawful and appropriate manner and only for as long as is necessary for the purposes for which it was collected.\n\t\t\t<\/p>\n\t\t<\/li>\n\t\t<li>\n\t\t\t<p><strong>International transfers:<\/strong> where your data is to be transferred outside the EU\/EEA it will be adequately protected.\n\t\t\t<\/p>\n\t\t<\/li>\n\t\t<li>\n\t\t\t<p><strong>Third parties:<\/strong> Access and transfer of personal data to third parties is carried out in accordance with applicable laws and regulations and with appropriate contractual safeguards.\n\t\t\t<\/p>\n\t\t<\/li>\n\t\t<li>\n\t\t\t<p><strong>Direct Marketing and cookies:<\/strong> We comply with the applicable legislation on advertising and cookies.\n\t\t\t<\/p>\n\t\t<\/li>\n\t<\/ul>\n\t<p>Read more about the privacy policy <a href=\"\/en\/privacy-policy\/\" rel=\"nofollow\" target=\"_blank\">here<\/a>.\n\t<\/p>\n<\/div>\n<p><span class=\"wpcf7-form-control-wrap\" data-name=\"use_label_element\"><span class=\"wpcf7-form-control wpcf7-checkbox wpcf7-validates-as-required\" id=\"aceptacion-lopd\"><span class=\"wpcf7-list-item first last\"><input type=\"checkbox\" name=\"use_label_element[]\" value=\"I have read and understood the Privacy Policy set out here (*)\" \/><span class=\"wpcf7-list-item-label\">I have read and understood the Privacy Policy set out here (*)<\/span><\/span><\/span><\/span><br \/>\n<div class=\"wpcf7-response-output\" aria-hidden=\"true\"><\/div><br \/>\n<br \/>\n<input class=\"wpcf7-form-control wpcf7-submit has-spinner\" type=\"submit\" value=\"Send\" \/>\n<\/p><input type='hidden' class='wpcf7-pum' value='{\"closepopup\":false,\"closedelay\":0,\"openpopup\":false,\"openpopup_id\":0}' \/>\n<\/form>\n<\/div>\n\n<p>[\/et_pb_text][\/et_pb_column][et_pb_column type=&#8221;1_2&#8243; _builder_version=&#8221;4.9.7&#8243; _module_preset=&#8221;default&#8221;][et_pb_text disabled_on=&#8221;on|on|on&#8221; _builder_version=&#8221;4.9.7&#8243; _module_preset=&#8221;default&#8221; header_3_font=&#8221;Raleway|600|||||||&#8221; custom_margin=&#8221;||0px||false|false&#8221; custom_padding=&#8221;||||false|false&#8221; disabled=&#8221;on&#8221;]<\/p>\n<h3>Social Media<\/h3>\n<p>[\/et_pb_text][et_pb_divider color=&#8221;#000000&#8243; divider_position=&#8221;center&#8221; disabled_on=&#8221;on|on|on&#8221; _builder_version=&#8221;4.9.7&#8243; _module_preset=&#8221;default&#8221; custom_margin=&#8221;||0px||false|false&#8221; disabled=&#8221;on&#8221;][\/et_pb_divider][et_pb_social_media_follow disabled_on=&#8221;on|on|on&#8221; _builder_version=&#8221;4.9.7&#8243; _module_preset=&#8221;default&#8221; disabled=&#8221;on&#8221;][et_pb_social_media_follow_network social_network=&#8221;facebook&#8221; _builder_version=&#8221;4.9.7&#8243; _module_preset=&#8221;default&#8221; background_color=&#8221;#3b5998&#8243; follow_button=&#8221;off&#8221; url_new_window=&#8221;on&#8221;]facebook[\/et_pb_social_media_follow_network][et_pb_social_media_follow_network social_network=&#8221;twitter&#8221; _builder_version=&#8221;4.9.7&#8243; _module_preset=&#8221;default&#8221; background_color=&#8221;#00aced&#8221; follow_button=&#8221;off&#8221; url_new_window=&#8221;on&#8221;]twitter[\/et_pb_social_media_follow_network][et_pb_social_media_follow_network social_network=&#8221;instagram&#8221; _builder_version=&#8221;4.9.7&#8243; _module_preset=&#8221;default&#8221; background_color=&#8221;#ea2c59&#8243; follow_button=&#8221;off&#8221; url_new_window=&#8221;on&#8221;]instagram[\/et_pb_social_media_follow_network][\/et_pb_social_media_follow][et_pb_text _builder_version=&#8221;4.9.7&#8243; _module_preset=&#8221;default&#8221; header_3_font=&#8221;Raleway|600|||||||&#8221; custom_margin=&#8221;0px||0px||false|false&#8221; custom_padding=&#8221;||||false|false&#8221;]<\/p>\n<h3>Contact details<\/h3>\n<p>[\/et_pb_text][et_pb_divider color=&#8221;#000000&#8243; divider_position=&#8221;center&#8221; _builder_version=&#8221;4.9.7&#8243; _module_preset=&#8221;default&#8221; custom_margin=&#8221;||0px||false|false&#8221;][\/et_pb_divider][et_pb_blurb title=&#8221;R\u00faa Ordo\u00f1ez, 26 \/ 36700 Tui (Pontevedra)&#8221; use_icon=&#8221;on&#8221; font_icon=&#8221;%%249%%&#8221; icon_color=&#8221;#c3cfd6&#8243; icon_placement=&#8221;left&#8221; use_icon_font_size=&#8221;on&#8221; icon_font_size=&#8221;24px&#8221; module_class=&#8221;iconos-contacto&#8221; _builder_version=&#8221;4.9.7&#8243; _module_preset=&#8221;default&#8221; header_font=&#8221;Montserrat||||||||&#8221; header_font_size=&#8221;17px&#8221; custom_margin=&#8221;||10px||false|false&#8221;][\/et_pb_blurb][et_pb_blurb title=&#8221;(+34) 722 821 858&#8243; use_icon=&#8221;on&#8221; font_icon=&#8221;%%264%%&#8221; icon_color=&#8221;#c3cfd6&#8243; icon_placement=&#8221;left&#8221; use_icon_font_size=&#8221;on&#8221; icon_font_size=&#8221;24px&#8221; module_class=&#8221;iconos-contacto&#8221; _builder_version=&#8221;4.9.7&#8243; _module_preset=&#8221;default&#8221; header_font=&#8221;Montserrat||||||||&#8221; header_font_size=&#8221;17px&#8221; custom_margin=&#8221;||10px||false|false&#8221;][\/et_pb_blurb][et_pb_blurb title=&#8221;(+34) 722 821 858&#8243; image=&#8221;https:\/\/www.casadastrabancas.gal\/wp-content\/uploads\/2021\/07\/icons8-whatsapp-48px.png&#8221; icon_placement=&#8221;left&#8221; module_class=&#8221;iconos-contacto&#8221; _builder_version=&#8221;4.9.7&#8243; _module_preset=&#8221;default&#8221; header_font=&#8221;Montserrat||||||||&#8221; header_font_size=&#8221;17px&#8221; custom_margin=&#8221;||10px||false|false&#8221;][\/et_pb_blurb][et_pb_blurb title=&#8221;info@casadastrabancas.gal&#8221; use_icon=&#8221;on&#8221; font_icon=&#8221;%%238%%&#8221; icon_color=&#8221;#c3cfd6&#8243; icon_placement=&#8221;left&#8221; use_icon_font_size=&#8221;on&#8221; icon_font_size=&#8221;24px&#8221; module_class=&#8221;iconos-contacto&#8221; _builder_version=&#8221;4.9.7&#8243; _module_preset=&#8221;default&#8221; header_font=&#8221;Montserrat||||||||&#8221; header_font_size=&#8221;17px&#8221; custom_margin=&#8221;||10px||false|false&#8221;][\/et_pb_blurb][et_pb_text _builder_version=&#8221;4.9.7&#8243; _module_preset=&#8221;default&#8221; header_3_font=&#8221;Raleway|600|||||||&#8221; custom_margin=&#8221;50px||0px||false|false&#8221; custom_padding=&#8221;||||false|false&#8221;]<\/p>\n<h3>GPS coordinates<\/h3>\n<p>[\/et_pb_text][et_pb_divider color=&#8221;#000000&#8243; divider_position=&#8221;center&#8221; _builder_version=&#8221;4.9.7&#8243; _module_preset=&#8221;default&#8221; custom_margin=&#8221;||0px||false|false&#8221;][\/et_pb_divider][et_pb_text _builder_version=&#8221;4.9.7&#8243; _module_preset=&#8221;default&#8221; text_font=&#8221;Montserrat||||||||&#8221; text_line_height=&#8221;1.2em&#8221;]<\/p>\n<p><strong>Latitude &gt; <\/strong>42.0468106<\/p>\n<p><strong>Longitude &gt;<\/strong> -8.6472259<\/p>\n<p>[\/et_pb_text][et_pb_button button_url=&#8221;https:\/\/www.google.es\/maps\/place\/Casa+das+Trabancas\/@42.0468106,-8.6450372,15z\/data=!4m8!3m7!1s0x0:0x4aab9ab1c224c266!5m2!4m1!1i2!8m2!3d42.0468264!4d-8.645066&#8243; url_new_window=&#8221;on&#8221; button_text=&#8221;How to get there&#8221; button_alignment=&#8221;left&#8221; _builder_version=&#8221;4.9.7&#8243; _module_preset=&#8221;default&#8221; custom_button=&#8221;on&#8221; button_text_color=&#8221;#ffffff&#8221; button_bg_color=&#8221;#000000&#8243; button_border_color=&#8221;rgba(0,0,0,0)&#8221; button_icon=&#8221;%%249%%&#8221; button_icon_placement=&#8221;left&#8221; button_on_hover=&#8221;off&#8221; hover_enabled=&#8221;0&#8243; button_bg_color__hover_enabled=&#8221;on|desktop&#8221; button_bg_color__hover=&#8221;#c3b56d&#8221; button_bg_enable_color__hover=&#8221;on&#8221; sticky_enabled=&#8221;0&#8243; button_text_size=&#8221;15px&#8221;][\/et_pb_button][\/et_pb_column][\/et_pb_row][\/et_pb_section]<\/p>\n","protected":false},"excerpt":{"rendered":"<p>R\u00faa Ordo\u00f1ez, 26 \/ 36700 Tui (Pontevedra) How to get thereContact\n<div class=\"wpcf7 no-js\" id=\"wpcf7-f2603-o2\" lang=\"en-US\" dir=\"ltr\" data-wpcf7-id=\"2603\">\n<div class=\"screen-reader-response\"><p role=\"status\" aria-live=\"polite\" aria-atomic=\"true\"><\/p> <ul><\/ul><\/div>\n<form action=\"\/en\/wp-json\/wp\/v2\/pages\/2599#wpcf7-f2603-o2\" method=\"post\" class=\"wpcf7-form init\" aria-label=\"Contact form\" novalidate=\"novalidate\" data-status=\"init\">\n<fieldset class=\"hidden-fields-container\"><input type=\"hidden\" name=\"_wpcf7\" value=\"2603\" \/><input type=\"hidden\" name=\"_wpcf7_version\" value=\"6.1.4\" \/><input type=\"hidden\" name=\"_wpcf7_locale\" value=\"en_US\" \/><input type=\"hidden\" name=\"_wpcf7_unit_tag\" value=\"wpcf7-f2603-o2\" \/><input type=\"hidden\" name=\"_wpcf7_container_post\" value=\"0\" \/><input type=\"hidden\" name=\"_wpcf7_posted_data_hash\" value=\"\" \/>\n<\/fieldset>\n<p><label> Name (*)<br \/>\n<span class=\"wpcf7-form-control-wrap\" data-name=\"your-name\"><input size=\"40\" maxlength=\"400\" class=\"wpcf7-form-control wpcf7-text wpcf7-validates-as-required\" aria-required=\"true\" aria-invalid=\"false\" value=\"\" type=\"text\" name=\"your-name\" \/><\/span> <\/label>\n<\/p>\n<p><label> E-mail (*)<br \/>\n<span class=\"wpcf7-form-control-wrap\" data-name=\"your-email\"><input size=\"40\" maxlength=\"400\" class=\"wpcf7-form-control wpcf7-email wpcf7-validates-as-required wpcf7-text wpcf7-validates-as-email\" aria-required=\"true\" aria-invalid=\"false\" value=\"\" type=\"email\" name=\"your-email\" \/><\/span> <\/label>\n<\/p>\n<p><label> Subject<br \/>\n<span class=\"wpcf7-form-control-wrap\" data-name=\"your-subject\"><input size=\"40\" maxlength=\"400\" class=\"wpcf7-form-control wpcf7-text\" aria-invalid=\"false\" value=\"\" type=\"text\" name=\"your-subject\" \/><\/span> <\/label>\n<\/p>\n<p><label> Message<br \/>\n<span class=\"wpcf7-form-control-wrap\" data-name=\"your-message\"><textarea cols=\"40\" rows=\"10\" maxlength=\"2000\" class=\"wpcf7-form-control wpcf7-textarea\" aria-invalid=\"false\" name=\"your-message\"><\/textarea><\/span> <\/label>\n<\/p>\n<div id=\"lopd\">\n\t<p>We have always been committed to providing our services with the highest degree of quality, which includes treating your data securely and transparently. Our principles are:\n\t<\/p>\n\t<ul>\n\t\t<li>\n\t\t\t<p><strong>Legality:<\/strong> We will only collect your Personal Data for specified, explicit and legitimate purposes.\n\t\t\t<\/p>\n\t\t<\/li>\n\t\t<li>\n\t\t\t<p><strong>Data minimisation:<\/strong> We limit the collection of personal data to what is strictly relevant and necessary for the purposes for which it was collected.\n\t\t\t<\/p>\n\t\t<\/li>\n\t\t<li>\n\t\t\t<p><strong>Purpose limitation:<\/strong> We will only collect your personal data for the stated purposes and only in accordance with your wishes.\n\t\t\t<\/p>\n\t\t<\/li>\n\t\t<li>\n\t\t\t<p><strong>Accuracy:<\/strong> We will keep your personal data accurate and up to date.\n\t\t\t<\/p>\n\t\t<\/li>\n\t\t<li>\n\t\t\t<p><strong>Data Security:<\/strong> We implement appropriate technical and organisational measures proportionate to the risks to ensure that your data is not harmed, such as unauthorised disclosure or access, accidental or unlawful destruction or accidental loss or alteration and any other form of unlawful processing.\n\t\t\t<\/p>\n\t\t<\/li>\n\t\t<li>\n\t\t\t<p><strong>Access and Rectification:<\/strong> We have the means for you to access or rectify your data whenever you consider it appropriate.\n\t\t\t<\/p>\n\t\t<\/li>\n\t\t<li>\n\t\t\t<p><strong>Retention:<\/strong> We retain your personal data in a lawful and appropriate manner and only for as long as is necessary for the purposes for which it was collected.\n\t\t\t<\/p>\n\t\t<\/li>\n\t\t<li>\n\t\t\t<p><strong>International transfers:<\/strong> where your data is to be transferred outside the EU\/EEA it will be adequately protected.\n\t\t\t<\/p>\n\t\t<\/li>\n\t\t<li>\n\t\t\t<p><strong>Third parties:<\/strong> Access and transfer of personal data to third parties is carried out in accordance with applicable laws and regulations and with appropriate contractual safeguards.\n\t\t\t<\/p>\n\t\t<\/li>\n\t\t<li>\n\t\t\t<p><strong>Direct Marketing and cookies:<\/strong> We comply with the applicable legislation on advertising and cookies.\n\t\t\t<\/p>\n\t\t<\/li>\n\t<\/ul>\n\t<p>Read more about the privacy policy <a href=\"\/en\/privacy-policy\/\" rel=\"nofollow\" target=\"_blank\">here<\/a>.\n\t<\/p>\n<\/div>\n<p><span class=\"wpcf7-form-control-wrap\" data-name=\"use_label_element\"><span class=\"wpcf7-form-control wpcf7-checkbox wpcf7-validates-as-required\"><span class=\"wpcf7-list-item first last\"><input type=\"checkbox\" name=\"use_label_element[]\" value=\"I have read and understood the Privacy Policy set out here (*)\" \/><span class=\"wpcf7-list-item-label\">I have read and understood the Privacy Policy set out here (*)<\/span><\/span><\/span><\/span><br \/>\n<div class=\"wpcf7-response-output\" aria-hidden=\"true\"><\/div><br \/>\n<br \/>\n<input class=\"wpcf7-form-control wpcf7-submit has-spinner\" type=\"submit\" value=\"Send\" \/>\n<\/p><input type='hidden' class='wpcf7-pum' value='{\"closepopup\":false,\"closedelay\":0,\"openpopup\":false,\"openpopup_id\":0}' \/>\n<\/form>\n<\/div>\nSocial MediafacebooktwitterinstagramContact detailsGPS coordinatesLatitude &gt; 42.0468106 Longitude &gt; -8.6472259<\/p>\n","protected":false},"author":1,"featured_media":0,"parent":0,"menu_order":0,"comment_status":"closed","ping_status":"closed","template":"","meta":{"_et_pb_use_builder":"on","_et_pb_old_content":"","_et_gb_content_width":"","footnotes":""},"class_list":["post-2599","page","type-page","status-publish","hentry"],"yoast_head":"<!-- This site is optimized with the Yoast SEO plugin v26.5 - https:\/\/yoast.com\/wordpress\/plugins\/seo\/ -->\n<title>Contact - Casa das Trabancas<\/title>\n<meta name=\"robots\" content=\"index, follow, max-snippet:-1, max-image-preview:large, max-video-preview:-1\" \/>\n<link rel=\"canonical\" href=\"https:\/\/www.casadastrabancas.gal\/en\/contact\/\" \/>\n<meta property=\"og:locale\" content=\"en_US\" \/>\n<meta property=\"og:type\" content=\"article\" \/>\n<meta property=\"og:title\" content=\"Contact - Casa das Trabancas\" \/>\n<meta property=\"og:description\" content=\"R\u00faa Ordo\u00f1ez, 26 \/ 36700 Tui (Pontevedra) How to get thereContactSocial MediafacebooktwitterinstagramContact detailsGPS coordinatesLatitude &gt; 42.0468106 Longitude &gt; -8.6472259\" \/>\n<meta property=\"og:url\" content=\"https:\/\/www.casadastrabancas.gal\/en\/contact\/\" \/>\n<meta property=\"og:site_name\" content=\"Casa das Trabancas\" \/>\n<meta name=\"twitter:card\" content=\"summary_large_image\" \/>\n<meta name=\"twitter:label1\" content=\"Est. reading time\" \/>\n\t<meta name=\"twitter:data1\" content=\"4 minutes\" \/>\n<script type=\"application\/ld+json\" class=\"yoast-schema-graph\">{\"@context\":\"https:\/\/schema.org\",\"@graph\":[{\"@type\":\"WebPage\",\"@id\":\"https:\/\/www.casadastrabancas.gal\/en\/contact\/\",\"url\":\"https:\/\/www.casadastrabancas.gal\/en\/contact\/\",\"name\":\"Contact - Casa das Trabancas\",\"isPartOf\":{\"@id\":\"https:\/\/www.casadastrabancas.gal\/#website\"},\"datePublished\":\"2022-02-14T13:34:03+00:00\",\"breadcrumb\":{\"@id\":\"https:\/\/www.casadastrabancas.gal\/en\/contact\/#breadcrumb\"},\"inLanguage\":\"en-US\",\"potentialAction\":[{\"@type\":\"ReadAction\",\"target\":[\"https:\/\/www.casadastrabancas.gal\/en\/contact\/\"]}]},{\"@type\":\"BreadcrumbList\",\"@id\":\"https:\/\/www.casadastrabancas.gal\/en\/contact\/#breadcrumb\",\"itemListElement\":[{\"@type\":\"ListItem\",\"position\":1,\"name\":\"Portada\",\"item\":\"https:\/\/www.casadastrabancas.gal\/\"},{\"@type\":\"ListItem\",\"position\":2,\"name\":\"Contact\"}]},{\"@type\":\"WebSite\",\"@id\":\"https:\/\/www.casadastrabancas.gal\/#website\",\"url\":\"https:\/\/www.casadastrabancas.gal\/\",\"name\":\"Casa das Trabancas\",\"description\":\"Vivenda de Uso Tur\u00edstico\",\"potentialAction\":[{\"@type\":\"SearchAction\",\"target\":{\"@type\":\"EntryPoint\",\"urlTemplate\":\"https:\/\/www.casadastrabancas.gal\/?s={search_term_string}\"},\"query-input\":{\"@type\":\"PropertyValueSpecification\",\"valueRequired\":true,\"valueName\":\"search_term_string\"}}],\"inLanguage\":\"en-US\"}]}<\/script>\n<!-- \/ Yoast SEO plugin. -->","yoast_head_json":{"title":"Contact - Casa das Trabancas","robots":{"index":"index","follow":"follow","max-snippet":"max-snippet:-1","max-image-preview":"max-image-preview:large","max-video-preview":"max-video-preview:-1"},"canonical":"https:\/\/www.casadastrabancas.gal\/en\/contact\/","og_locale":"en_US","og_type":"article","og_title":"Contact - Casa das Trabancas","og_description":"R\u00faa Ordo\u00f1ez, 26 \/ 36700 Tui (Pontevedra) How to get thereContactSocial MediafacebooktwitterinstagramContact detailsGPS coordinatesLatitude &gt; 42.0468106 Longitude &gt; -8.6472259","og_url":"https:\/\/www.casadastrabancas.gal\/en\/contact\/","og_site_name":"Casa das Trabancas","twitter_card":"summary_large_image","twitter_misc":{"Est. reading time":"4 minutes"},"schema":{"@context":"https:\/\/schema.org","@graph":[{"@type":"WebPage","@id":"https:\/\/www.casadastrabancas.gal\/en\/contact\/","url":"https:\/\/www.casadastrabancas.gal\/en\/contact\/","name":"Contact - Casa das Trabancas","isPartOf":{"@id":"https:\/\/www.casadastrabancas.gal\/#website"},"datePublished":"2022-02-14T13:34:03+00:00","breadcrumb":{"@id":"https:\/\/www.casadastrabancas.gal\/en\/contact\/#breadcrumb"},"inLanguage":"en-US","potentialAction":[{"@type":"ReadAction","target":["https:\/\/www.casadastrabancas.gal\/en\/contact\/"]}]},{"@type":"BreadcrumbList","@id":"https:\/\/www.casadastrabancas.gal\/en\/contact\/#breadcrumb","itemListElement":[{"@type":"ListItem","position":1,"name":"Portada","item":"https:\/\/www.casadastrabancas.gal\/"},{"@type":"ListItem","position":2,"name":"Contact"}]},{"@type":"WebSite","@id":"https:\/\/www.casadastrabancas.gal\/#website","url":"https:\/\/www.casadastrabancas.gal\/","name":"Casa das Trabancas","description":"Vivenda de Uso Tur\u00edstico","potentialAction":[{"@type":"SearchAction","target":{"@type":"EntryPoint","urlTemplate":"https:\/\/www.casadastrabancas.gal\/?s={search_term_string}"},"query-input":{"@type":"PropertyValueSpecification","valueRequired":true,"valueName":"search_term_string"}}],"inLanguage":"en-US"}]}},"_links":{"self":[{"href":"https:\/\/www.casadastrabancas.gal\/en\/wp-json\/wp\/v2\/pages\/2599","targetHints":{"allow":["GET"]}}],"collection":[{"href":"https:\/\/www.casadastrabancas.gal\/en\/wp-json\/wp\/v2\/pages"}],"about":[{"href":"https:\/\/www.casadastrabancas.gal\/en\/wp-json\/wp\/v2\/types\/page"}],"author":[{"embeddable":true,"href":"https:\/\/www.casadastrabancas.gal\/en\/wp-json\/wp\/v2\/users\/1"}],"replies":[{"embeddable":true,"href":"https:\/\/www.casadastrabancas.gal\/en\/wp-json\/wp\/v2\/comments?post=2599"}],"version-history":[{"count":3,"href":"https:\/\/www.casadastrabancas.gal\/en\/wp-json\/wp\/v2\/pages\/2599\/revisions"}],"predecessor-version":[{"id":2602,"href":"https:\/\/www.casadastrabancas.gal\/en\/wp-json\/wp\/v2\/pages\/2599\/revisions\/2602"}],"wp:attachment":[{"href":"https:\/\/www.casadastrabancas.gal\/en\/wp-json\/wp\/v2\/media?parent=2599"}],"curies":[{"name":"wp","href":"https:\/\/api.w.org\/{rel}","templated":true}]}}