{"id":2512,"date":"2022-02-09T12:54:15","date_gmt":"2022-02-09T11:54:15","guid":{"rendered":"https:\/\/www.casadastrabancas.gal\/contacto\/"},"modified":"2022-02-09T12:54:16","modified_gmt":"2022-02-09T11:54:16","slug":"contacto","status":"publish","type":"page","link":"https:\/\/www.casadastrabancas.gal\/gl\/contacto\/","title":{"rendered":"Contacto"},"content":{"rendered":"<p>[et_pb_section fb_built=&#8221;1&#8243; fullwidth=&#8221;on&#8221; _builder_version=&#8221;4.9.7&#8243; _module_preset=&#8221;default&#8221;][et_pb_fullwidth_map address=&#8221;Madrid, Espa\u00f1a&#8221; zoom_level=&#8221;5&#8243; address_lat=&#8221;40.4167754&#8243; address_lng=&#8221;-3.7037902&#8243; _builder_version=&#8221;4.9.7&#8243; _module_preset=&#8221;default&#8221; hover_enabled=&#8221;0&#8243; module_id=&#8221;mapa-contacto&#8221; sticky_enabled=&#8221;0&#8243;][et_pb_map_pin title=&#8221;Casa das Trabancas&#8221; pin_address=&#8221;R. Ord\u00f3\u00f1ez, 26, 36700 Tui, Pontevedra, Espa\u00f1a&#8221; pin_address_lat=&#8221;42.0468106&#8243; pin_address_lng=&#8221;-8.6450372&#8243; _builder_version=&#8221;4.9.7&#8243; _module_preset=&#8221;default&#8221; hover_enabled=&#8221;0&#8243; sticky_enabled=&#8221;0&#8243;]<\/p>\n<p>R\u00faa Ordo\u00f1ez, 26 \/ 36700 Tui (Pontevedra)<\/p>\n<p><a href=\"https:\/\/www.google.es\/maps\/place\/Casa+das+Trabancas\/@42.0468106,-8.6450372,15z\/data=!4m8!3m7!1s0x0:0x4aab9ab1c224c266!5m2!4m1!1i2!8m2!3d42.0468264!4d-8.645066\" target=\"_blank\" rel=\"noopener\">Como chegar<\/a><\/p>\n<p>[\/et_pb_map_pin][\/et_pb_fullwidth_map][\/et_pb_section][et_pb_section fb_built=&#8221;1&#8243; _builder_version=&#8221;4.9.7&#8243; _module_preset=&#8221;default&#8221; custom_padding=&#8221;75px||||false|false&#8221; hover_enabled=&#8221;0&#8243; sticky_enabled=&#8221;0&#8243;][et_pb_row _builder_version=&#8221;4.9.7&#8243; _module_preset=&#8221;default&#8221;][et_pb_column type=&#8221;4_4&#8243; _builder_version=&#8221;4.9.7&#8243; _module_preset=&#8221;default&#8221;][et_pb_text _builder_version=&#8221;4.9.7&#8243; _module_preset=&#8221;default&#8221; header_2_font=&#8221;Raleway|500|||||||&#8221; header_2_font_size=&#8221;35px&#8221;]<\/p>\n<h2>Contacto<\/h2>\n<p>[\/et_pb_text][\/et_pb_column][\/et_pb_row][et_pb_row column_structure=&#8221;1_2,1_2&#8243; _builder_version=&#8221;4.9.7&#8243; _module_preset=&#8221;default&#8221;][et_pb_column type=&#8221;1_2&#8243; _builder_version=&#8221;4.9.7&#8243; _module_preset=&#8221;default&#8221;][et_pb_text _builder_version=&#8221;4.9.7&#8243; _module_preset=&#8221;default&#8221;]<\/p>\n\n<div class=\"wpcf7 no-js\" id=\"wpcf7-f2511-o1\" lang=\"gl-ES\" dir=\"ltr\" data-wpcf7-id=\"2511\">\n<div class=\"screen-reader-response\"><p role=\"status\" aria-live=\"polite\" aria-atomic=\"true\"><\/p> <ul><\/ul><\/div>\n<form action=\"\/gl\/wp-json\/wp\/v2\/pages\/2512#wpcf7-f2511-o1\" method=\"post\" class=\"wpcf7-form init\" aria-label=\"Formulario de contacto\" novalidate=\"novalidate\" data-status=\"init\">\n<fieldset class=\"hidden-fields-container\"><input type=\"hidden\" name=\"_wpcf7\" value=\"2511\" \/><input type=\"hidden\" name=\"_wpcf7_version\" value=\"6.1.4\" \/><input type=\"hidden\" name=\"_wpcf7_locale\" value=\"gl_ES\" \/><input type=\"hidden\" name=\"_wpcf7_unit_tag\" value=\"wpcf7-f2511-o1\" \/><input type=\"hidden\" name=\"_wpcf7_container_post\" value=\"0\" \/><input type=\"hidden\" name=\"_wpcf7_posted_data_hash\" value=\"\" \/>\n<\/fieldset>\n<p><label> Nome (*)<br \/>\n<span class=\"wpcf7-form-control-wrap\" data-name=\"your-name\"><input size=\"40\" maxlength=\"400\" class=\"wpcf7-form-control wpcf7-text wpcf7-validates-as-required\" aria-required=\"true\" aria-invalid=\"false\" value=\"\" type=\"text\" name=\"your-name\" \/><\/span> <\/label>\n<\/p>\n<p><label> Correo electr\u00f3nico (*)<br \/>\n<span class=\"wpcf7-form-control-wrap\" data-name=\"your-email\"><input size=\"40\" maxlength=\"400\" class=\"wpcf7-form-control wpcf7-email wpcf7-validates-as-required wpcf7-text wpcf7-validates-as-email\" aria-required=\"true\" aria-invalid=\"false\" value=\"\" type=\"email\" name=\"your-email\" \/><\/span> <\/label>\n<\/p>\n<p><label> Asunto<br \/>\n<span class=\"wpcf7-form-control-wrap\" data-name=\"your-subject\"><input size=\"40\" maxlength=\"400\" class=\"wpcf7-form-control wpcf7-text\" aria-invalid=\"false\" value=\"\" type=\"text\" name=\"your-subject\" \/><\/span> <\/label>\n<\/p>\n<p><label> Mensaxe<br \/>\n<span class=\"wpcf7-form-control-wrap\" data-name=\"your-message\"><textarea cols=\"40\" rows=\"10\" maxlength=\"2000\" class=\"wpcf7-form-control wpcf7-textarea\" aria-invalid=\"false\" name=\"your-message\"><\/textarea><\/span> <\/label>\n<\/p>\n<div id=\"lopd\">\n\t<p>Sempre estivemos comprometidos con prestar os nosos servizos co m\u00e1is alto grao de calidade, o que incl\u00fae tratar os seus datos con seguridade e transparencia. Os nosos principios son:\n\t<\/p>\n\t<ul>\n\t\t<li>\n\t\t\t<p><strong>Legalidade:<\/strong> S\u00f3 recompilaremos os seus Datos persoais para fins espec\u00edficos, expl\u00edcitos e lex\u00edtimos.\n\t\t\t<\/p>\n\t\t<\/li>\n\t\t<li>\n\t\t\t<p><strong>Minimizaci\u00f3n de datos:<\/strong> Limitamos a recollida de datos de car\u00e1cter persoal ao que \u00e9 estritamente relevante e necesario para os fins para os que se recompilaron.\n\t\t\t<\/p>\n\t\t<\/li>\n\t\t<li>\n\t\t\t<p><strong>Limitaci\u00f3n da Finalidade:<\/strong> S\u00f3 recolleremos os seus datos persoais para os fins declarados e s\u00f3 segundo os seus desexos.\n\t\t\t<\/p>\n\t\t<\/li>\n\t\t<li>\n\t\t\t<p><strong>Precisi\u00f3n:<\/strong> Manteremos os seus datos persoais exactos e actualizados.\n\t\t\t<\/p>\n\t\t<\/li>\n\t\t<li>\n\t\t\t<p><strong>Seguridade dos Datos:<\/strong> Aplicamos as medidas t\u00e9cnicas e organizativas adecuadas e proporcionais aos riscos para garantir que os seus datos non sufran danos, tales como divulgaci\u00f3n ou acceso non autorizado, a destruci\u00f3n accidental ou il\u00edcita ou a s\u00faa perda accidental ou alteraci\u00f3n e calquera outra forma de tratamento il\u00edcito.\n\t\t\t<\/p>\n\t\t<\/li>\n\t\t<li>\n\t\t\t<p><strong>Acceso e Rectificaci\u00f3n:<\/strong>Dispo\u00f1emos de medios para que acceda ou rectifique os seus datos cando o considere oportuno.\n\t\t\t<\/p>\n\t\t<\/li>\n\t\t<li>\n\t\t\t<p><strong>Conservaci\u00f3n:<\/strong> Conservamos os seus datos persoais de maneira legal e apropiada e s\u00f3 mentres \u00e9 necesario para os fins para os que se recompilaron.\n\t\t\t<\/p>\n\t\t<\/li>\n\t\t<li>\n\t\t\t<p><strong>As transferencias internacionais:<\/strong> cando se dea o caso de que os seus datos vaian ser transferidos f\u00f3ra da UE\/ EEE protexeranse adecuadamente.\n\t\t\t<\/p>\n\t\t<\/li>\n\t\t<li>\n\t\t\t<p><strong>Terceiros:<\/strong> O acceso e transferencia de datos persoais a terceiros levan a cabo de acordo coas leis e regulamentos aplicables e coas garant\u00edas contractuais adecuadas.\n\t\t\t<\/p>\n\t\t<\/li>\n\t\t<li>\n\t\t\t<p><strong>Marketing Directo e cookies:<\/strong> Cumprimos coa lexislaci\u00f3n aplicable en materia de publicidade e cookies.\n\t\t\t<\/p>\n\t\t<\/li>\n\t<\/ul>\n\t<p>Consulta m\u00e1is sobre a pol\u00edtica de privacidade <a href=\"\/gl\/politica-de-privacidade\/\" rel=\"nofollow\" target=\"_blank\">aqu\u00ed<\/a>.\n\t<\/p>\n<\/div>\n<p><span class=\"wpcf7-form-control-wrap\" data-name=\"use_label_element\"><span class=\"wpcf7-form-control wpcf7-checkbox wpcf7-validates-as-required\" id=\"aceptacion-lopd\"><span class=\"wpcf7-list-item first last\"><input type=\"checkbox\" name=\"use_label_element[]\" value=\"Lin e entend\u00edn a Pol\u00edtica de Privacidade aqu\u00ed exposta (*)\" \/><span class=\"wpcf7-list-item-label\">Lin e entend\u00edn a Pol\u00edtica de Privacidade aqu\u00ed exposta (*)<\/span><\/span><\/span><\/span><br \/>\n<div class=\"wpcf7-response-output\" aria-hidden=\"true\"><\/div><br \/>\n<br \/>\n<input class=\"wpcf7-form-control wpcf7-submit has-spinner\" type=\"submit\" value=\"Enviar\" \/>\n<\/p><input type='hidden' class='wpcf7-pum' value='{\"closepopup\":false,\"closedelay\":0,\"openpopup\":false,\"openpopup_id\":0}' \/>\n<\/form>\n<\/div>\n\n<p>[\/et_pb_text][\/et_pb_column][et_pb_column type=&#8221;1_2&#8243; _builder_version=&#8221;4.9.7&#8243; _module_preset=&#8221;default&#8221;][et_pb_text disabled_on=&#8221;on|on|on&#8221; _builder_version=&#8221;4.9.7&#8243; _module_preset=&#8221;default&#8221; header_3_font=&#8221;Raleway|600|||||||&#8221; custom_margin=&#8221;||0px||false|false&#8221; custom_padding=&#8221;||||false|false&#8221; disabled=&#8221;on&#8221;]<\/p>\n<h3>Redes sociais<\/h3>\n<p>[\/et_pb_text][et_pb_divider color=&#8221;#000000&#8243; divider_position=&#8221;center&#8221; disabled_on=&#8221;on|on|on&#8221; _builder_version=&#8221;4.9.7&#8243; _module_preset=&#8221;default&#8221; custom_margin=&#8221;||0px||false|false&#8221; disabled=&#8221;on&#8221;][\/et_pb_divider][et_pb_social_media_follow disabled_on=&#8221;on|on|on&#8221; _builder_version=&#8221;4.9.7&#8243; _module_preset=&#8221;default&#8221; disabled=&#8221;on&#8221;][et_pb_social_media_follow_network social_network=&#8221;facebook&#8221; _builder_version=&#8221;4.9.7&#8243; _module_preset=&#8221;default&#8221; background_color=&#8221;#3b5998&#8243; follow_button=&#8221;off&#8221; url_new_window=&#8221;on&#8221;]facebook[\/et_pb_social_media_follow_network][et_pb_social_media_follow_network social_network=&#8221;twitter&#8221; _builder_version=&#8221;4.9.7&#8243; _module_preset=&#8221;default&#8221; background_color=&#8221;#00aced&#8221; follow_button=&#8221;off&#8221; url_new_window=&#8221;on&#8221;]twitter[\/et_pb_social_media_follow_network][et_pb_social_media_follow_network social_network=&#8221;instagram&#8221; _builder_version=&#8221;4.9.7&#8243; _module_preset=&#8221;default&#8221; background_color=&#8221;#ea2c59&#8243; follow_button=&#8221;off&#8221; url_new_window=&#8221;on&#8221;]instagram[\/et_pb_social_media_follow_network][\/et_pb_social_media_follow][et_pb_text _builder_version=&#8221;4.9.7&#8243; _module_preset=&#8221;default&#8221; header_3_font=&#8221;Raleway|600|||||||&#8221; custom_margin=&#8221;0px||0px||false|false&#8221; custom_padding=&#8221;||||false|false&#8221;]<\/p>\n<h3>Datos de Contacto<\/h3>\n<p>[\/et_pb_text][et_pb_divider color=&#8221;#000000&#8243; divider_position=&#8221;center&#8221; _builder_version=&#8221;4.9.7&#8243; _module_preset=&#8221;default&#8221; custom_margin=&#8221;||0px||false|false&#8221;][\/et_pb_divider][et_pb_blurb title=&#8221;R\u00faa Ordo\u00f1ez, 26 \/ 36700 Tui (Pontevedra)&#8221; use_icon=&#8221;on&#8221; font_icon=&#8221;%%249%%&#8221; icon_color=&#8221;#c3cfd6&#8243; icon_placement=&#8221;left&#8221; use_icon_font_size=&#8221;on&#8221; icon_font_size=&#8221;24px&#8221; module_class=&#8221;iconos-contacto&#8221; _builder_version=&#8221;4.9.7&#8243; _module_preset=&#8221;default&#8221; header_font=&#8221;Montserrat||||||||&#8221; header_font_size=&#8221;17px&#8221; custom_margin=&#8221;||10px||false|false&#8221;][\/et_pb_blurb][et_pb_blurb title=&#8221;(+34) 722 821 858&#8243; use_icon=&#8221;on&#8221; font_icon=&#8221;%%264%%&#8221; icon_color=&#8221;#c3cfd6&#8243; icon_placement=&#8221;left&#8221; use_icon_font_size=&#8221;on&#8221; icon_font_size=&#8221;24px&#8221; module_class=&#8221;iconos-contacto&#8221; _builder_version=&#8221;4.9.7&#8243; _module_preset=&#8221;default&#8221; header_font=&#8221;Montserrat||||||||&#8221; header_font_size=&#8221;17px&#8221; custom_margin=&#8221;||10px||false|false&#8221;][\/et_pb_blurb][et_pb_blurb title=&#8221;(+34) 722 821 858&#8243; image=&#8221;https:\/\/www.casadastrabancas.gal\/wp-content\/uploads\/2021\/07\/icons8-whatsapp-48px.png&#8221; icon_placement=&#8221;left&#8221; module_class=&#8221;iconos-contacto&#8221; _builder_version=&#8221;4.9.7&#8243; _module_preset=&#8221;default&#8221; header_font=&#8221;Montserrat||||||||&#8221; header_font_size=&#8221;17px&#8221; custom_margin=&#8221;||10px||false|false&#8221;][\/et_pb_blurb][et_pb_blurb title=&#8221;info@casadastrabancas.gal&#8221; use_icon=&#8221;on&#8221; font_icon=&#8221;%%238%%&#8221; icon_color=&#8221;#c3cfd6&#8243; icon_placement=&#8221;left&#8221; use_icon_font_size=&#8221;on&#8221; icon_font_size=&#8221;24px&#8221; module_class=&#8221;iconos-contacto&#8221; _builder_version=&#8221;4.9.7&#8243; _module_preset=&#8221;default&#8221; header_font=&#8221;Montserrat||||||||&#8221; header_font_size=&#8221;17px&#8221; custom_margin=&#8221;||10px||false|false&#8221;][\/et_pb_blurb][et_pb_text _builder_version=&#8221;4.9.7&#8243; _module_preset=&#8221;default&#8221; header_3_font=&#8221;Raleway|600|||||||&#8221; custom_margin=&#8221;50px||0px||false|false&#8221; custom_padding=&#8221;||||false|false&#8221;]<\/p>\n<h3>Coordenas GPS<\/h3>\n<p>[\/et_pb_text][et_pb_divider color=&#8221;#000000&#8243; divider_position=&#8221;center&#8221; _builder_version=&#8221;4.9.7&#8243; _module_preset=&#8221;default&#8221; custom_margin=&#8221;||0px||false|false&#8221;][\/et_pb_divider][et_pb_text _builder_version=&#8221;4.9.7&#8243; _module_preset=&#8221;default&#8221; text_font=&#8221;Montserrat||||||||&#8221; text_line_height=&#8221;1.2em&#8221;]<\/p>\n<p><strong>Latitude &gt; <\/strong>42.0468106<\/p>\n<p><strong>Lonxitude &gt;<\/strong> -8.6472259<\/p>\n<p>[\/et_pb_text][et_pb_button button_url=&#8221;https:\/\/www.google.es\/maps\/place\/Casa+das+Trabancas\/@42.0468106,-8.6450372,15z\/data=!4m8!3m7!1s0x0:0x4aab9ab1c224c266!5m2!4m1!1i2!8m2!3d42.0468264!4d-8.645066&#8243; url_new_window=&#8221;on&#8221; button_text=&#8221;Como chegar&#8221; button_alignment=&#8221;left&#8221; _builder_version=&#8221;4.9.7&#8243; _module_preset=&#8221;default&#8221; custom_button=&#8221;on&#8221; button_text_color=&#8221;#ffffff&#8221; button_bg_color=&#8221;#000000&#8243; button_border_color=&#8221;rgba(0,0,0,0)&#8221; button_icon=&#8221;%%249%%&#8221; button_icon_placement=&#8221;left&#8221; button_on_hover=&#8221;off&#8221; hover_enabled=&#8221;0&#8243; button_bg_color__hover_enabled=&#8221;on|desktop&#8221; button_bg_color__hover=&#8221;#c3b56d&#8221; button_bg_enable_color__hover=&#8221;on&#8221; sticky_enabled=&#8221;0&#8243; button_text_size=&#8221;15px&#8221;][\/et_pb_button][\/et_pb_column][\/et_pb_row][\/et_pb_section]<\/p>\n","protected":false},"excerpt":{"rendered":"<p>R\u00faa Ordo\u00f1ez, 26 \/ 36700 Tui (Pontevedra) Como chegarContacto\n<div class=\"wpcf7 no-js\" id=\"wpcf7-f2511-o2\" lang=\"gl-ES\" dir=\"ltr\" data-wpcf7-id=\"2511\">\n<div class=\"screen-reader-response\"><p role=\"status\" aria-live=\"polite\" aria-atomic=\"true\"><\/p> <ul><\/ul><\/div>\n<form action=\"\/gl\/wp-json\/wp\/v2\/pages\/2512#wpcf7-f2511-o2\" method=\"post\" class=\"wpcf7-form init\" aria-label=\"Formulario de contacto\" novalidate=\"novalidate\" data-status=\"init\">\n<fieldset class=\"hidden-fields-container\"><input type=\"hidden\" name=\"_wpcf7\" value=\"2511\" \/><input type=\"hidden\" name=\"_wpcf7_version\" value=\"6.1.4\" \/><input type=\"hidden\" name=\"_wpcf7_locale\" value=\"gl_ES\" \/><input type=\"hidden\" name=\"_wpcf7_unit_tag\" value=\"wpcf7-f2511-o2\" \/><input type=\"hidden\" name=\"_wpcf7_container_post\" value=\"0\" \/><input type=\"hidden\" name=\"_wpcf7_posted_data_hash\" value=\"\" \/>\n<\/fieldset>\n<p><label> Nome (*)<br \/>\n<span class=\"wpcf7-form-control-wrap\" data-name=\"your-name\"><input size=\"40\" maxlength=\"400\" class=\"wpcf7-form-control wpcf7-text wpcf7-validates-as-required\" aria-required=\"true\" aria-invalid=\"false\" value=\"\" type=\"text\" name=\"your-name\" \/><\/span> <\/label>\n<\/p>\n<p><label> Correo electr\u00f3nico (*)<br \/>\n<span class=\"wpcf7-form-control-wrap\" data-name=\"your-email\"><input size=\"40\" maxlength=\"400\" class=\"wpcf7-form-control wpcf7-email wpcf7-validates-as-required wpcf7-text wpcf7-validates-as-email\" aria-required=\"true\" aria-invalid=\"false\" value=\"\" type=\"email\" name=\"your-email\" \/><\/span> <\/label>\n<\/p>\n<p><label> Asunto<br \/>\n<span class=\"wpcf7-form-control-wrap\" data-name=\"your-subject\"><input size=\"40\" maxlength=\"400\" class=\"wpcf7-form-control wpcf7-text\" aria-invalid=\"false\" value=\"\" type=\"text\" name=\"your-subject\" \/><\/span> <\/label>\n<\/p>\n<p><label> Mensaxe<br \/>\n<span class=\"wpcf7-form-control-wrap\" data-name=\"your-message\"><textarea cols=\"40\" rows=\"10\" maxlength=\"2000\" class=\"wpcf7-form-control wpcf7-textarea\" aria-invalid=\"false\" name=\"your-message\"><\/textarea><\/span> <\/label>\n<\/p>\n<div id=\"lopd\">\n\t<p>Sempre estivemos comprometidos con prestar os nosos servizos co m\u00e1is alto grao de calidade, o que incl\u00fae tratar os seus datos con seguridade e transparencia. Os nosos principios son:\n\t<\/p>\n\t<ul>\n\t\t<li>\n\t\t\t<p><strong>Legalidade:<\/strong> S\u00f3 recompilaremos os seus Datos persoais para fins espec\u00edficos, expl\u00edcitos e lex\u00edtimos.\n\t\t\t<\/p>\n\t\t<\/li>\n\t\t<li>\n\t\t\t<p><strong>Minimizaci\u00f3n de datos:<\/strong> Limitamos a recollida de datos de car\u00e1cter persoal ao que \u00e9 estritamente relevante e necesario para os fins para os que se recompilaron.\n\t\t\t<\/p>\n\t\t<\/li>\n\t\t<li>\n\t\t\t<p><strong>Limitaci\u00f3n da Finalidade:<\/strong> S\u00f3 recolleremos os seus datos persoais para os fins declarados e s\u00f3 segundo os seus desexos.\n\t\t\t<\/p>\n\t\t<\/li>\n\t\t<li>\n\t\t\t<p><strong>Precisi\u00f3n:<\/strong> Manteremos os seus datos persoais exactos e actualizados.\n\t\t\t<\/p>\n\t\t<\/li>\n\t\t<li>\n\t\t\t<p><strong>Seguridade dos Datos:<\/strong> Aplicamos as medidas t\u00e9cnicas e organizativas adecuadas e proporcionais aos riscos para garantir que os seus datos non sufran danos, tales como divulgaci\u00f3n ou acceso non autorizado, a destruci\u00f3n accidental ou il\u00edcita ou a s\u00faa perda accidental ou alteraci\u00f3n e calquera outra forma de tratamento il\u00edcito.\n\t\t\t<\/p>\n\t\t<\/li>\n\t\t<li>\n\t\t\t<p><strong>Acceso e Rectificaci\u00f3n:<\/strong>Dispo\u00f1emos de medios para que acceda ou rectifique os seus datos cando o considere oportuno.\n\t\t\t<\/p>\n\t\t<\/li>\n\t\t<li>\n\t\t\t<p><strong>Conservaci\u00f3n:<\/strong> Conservamos os seus datos persoais de maneira legal e apropiada e s\u00f3 mentres \u00e9 necesario para os fins para os que se recompilaron.\n\t\t\t<\/p>\n\t\t<\/li>\n\t\t<li>\n\t\t\t<p><strong>As transferencias internacionais:<\/strong> cando se dea o caso de que os seus datos vaian ser transferidos f\u00f3ra da UE\/ EEE protexeranse adecuadamente.\n\t\t\t<\/p>\n\t\t<\/li>\n\t\t<li>\n\t\t\t<p><strong>Terceiros:<\/strong> O acceso e transferencia de datos persoais a terceiros levan a cabo de acordo coas leis e regulamentos aplicables e coas garant\u00edas contractuais adecuadas.\n\t\t\t<\/p>\n\t\t<\/li>\n\t\t<li>\n\t\t\t<p><strong>Marketing Directo e cookies:<\/strong> Cumprimos coa lexislaci\u00f3n aplicable en materia de publicidade e cookies.\n\t\t\t<\/p>\n\t\t<\/li>\n\t<\/ul>\n\t<p>Consulta m\u00e1is sobre a pol\u00edtica de privacidade <a href=\"\/gl\/politica-de-privacidade\/\" rel=\"nofollow\" target=\"_blank\">aqu\u00ed<\/a>.\n\t<\/p>\n<\/div>\n<p><span class=\"wpcf7-form-control-wrap\" data-name=\"use_label_element\"><span class=\"wpcf7-form-control wpcf7-checkbox wpcf7-validates-as-required\"><span class=\"wpcf7-list-item first last\"><input type=\"checkbox\" name=\"use_label_element[]\" value=\"Lin e entend\u00edn a Pol\u00edtica de Privacidade aqu\u00ed exposta (*)\" \/><span class=\"wpcf7-list-item-label\">Lin e entend\u00edn a Pol\u00edtica de Privacidade aqu\u00ed exposta (*)<\/span><\/span><\/span><\/span><br \/>\n<div class=\"wpcf7-response-output\" aria-hidden=\"true\"><\/div><br \/>\n<br \/>\n<input class=\"wpcf7-form-control wpcf7-submit has-spinner\" type=\"submit\" value=\"Enviar\" \/>\n<\/p><input type='hidden' class='wpcf7-pum' value='{\"closepopup\":false,\"closedelay\":0,\"openpopup\":false,\"openpopup_id\":0}' \/>\n<\/form>\n<\/div>\nRedes sociaisfacebooktwitterinstagramDatos de ContactoCoordenas GPSLatitude &gt; 42.0468106 Lonxitude &gt; -8.6472259<\/p>\n","protected":false},"author":1,"featured_media":0,"parent":0,"menu_order":0,"comment_status":"closed","ping_status":"closed","template":"","meta":{"_et_pb_use_builder":"on","_et_pb_old_content":"","_et_gb_content_width":"","footnotes":""},"class_list":["post-2512","page","type-page","status-publish","hentry"],"yoast_head":"<!-- This site is optimized with the Yoast SEO plugin v26.5 - https:\/\/yoast.com\/wordpress\/plugins\/seo\/ -->\n<title>Contacto - Casa das Trabancas<\/title>\n<meta name=\"robots\" content=\"index, follow, max-snippet:-1, max-image-preview:large, max-video-preview:-1\" \/>\n<link rel=\"canonical\" href=\"https:\/\/www.casadastrabancas.gal\/gl\/contacto\/\" \/>\n<meta property=\"og:locale\" content=\"gl_ES\" \/>\n<meta property=\"og:type\" content=\"article\" \/>\n<meta property=\"og:title\" content=\"Contacto - Casa das Trabancas\" \/>\n<meta property=\"og:description\" content=\"R\u00faa Ordo\u00f1ez, 26 \/ 36700 Tui (Pontevedra) Como chegarContactoRedes sociaisfacebooktwitterinstagramDatos de ContactoCoordenas GPSLatitude &gt; 42.0468106 Lonxitude &gt; -8.6472259\" \/>\n<meta property=\"og:url\" content=\"https:\/\/www.casadastrabancas.gal\/gl\/contacto\/\" \/>\n<meta property=\"og:site_name\" content=\"Casa das Trabancas\" \/>\n<meta property=\"article:modified_time\" content=\"2022-02-09T11:54:16+00:00\" \/>\n<meta name=\"twitter:card\" content=\"summary_large_image\" \/>\n<meta name=\"twitter:label1\" content=\"Tempo de lectura\" \/>\n\t<meta name=\"twitter:data1\" content=\"4 minutos\" \/>\n<script type=\"application\/ld+json\" class=\"yoast-schema-graph\">{\"@context\":\"https:\/\/schema.org\",\"@graph\":[{\"@type\":\"WebPage\",\"@id\":\"https:\/\/www.casadastrabancas.gal\/gl\/contacto\/\",\"url\":\"https:\/\/www.casadastrabancas.gal\/gl\/contacto\/\",\"name\":\"Contacto - Casa das Trabancas\",\"isPartOf\":{\"@id\":\"https:\/\/www.casadastrabancas.gal\/#website\"},\"datePublished\":\"2022-02-09T11:54:15+00:00\",\"dateModified\":\"2022-02-09T11:54:16+00:00\",\"breadcrumb\":{\"@id\":\"https:\/\/www.casadastrabancas.gal\/gl\/contacto\/#breadcrumb\"},\"inLanguage\":\"gl-ES\",\"potentialAction\":[{\"@type\":\"ReadAction\",\"target\":[\"https:\/\/www.casadastrabancas.gal\/gl\/contacto\/\"]}]},{\"@type\":\"BreadcrumbList\",\"@id\":\"https:\/\/www.casadastrabancas.gal\/gl\/contacto\/#breadcrumb\",\"itemListElement\":[{\"@type\":\"ListItem\",\"position\":1,\"name\":\"Portada\",\"item\":\"https:\/\/www.casadastrabancas.gal\/\"},{\"@type\":\"ListItem\",\"position\":2,\"name\":\"Contacto\"}]},{\"@type\":\"WebSite\",\"@id\":\"https:\/\/www.casadastrabancas.gal\/#website\",\"url\":\"https:\/\/www.casadastrabancas.gal\/\",\"name\":\"Casa das Trabancas\",\"description\":\"Vivenda de Uso Tur\u00edstico\",\"potentialAction\":[{\"@type\":\"SearchAction\",\"target\":{\"@type\":\"EntryPoint\",\"urlTemplate\":\"https:\/\/www.casadastrabancas.gal\/?s={search_term_string}\"},\"query-input\":{\"@type\":\"PropertyValueSpecification\",\"valueRequired\":true,\"valueName\":\"search_term_string\"}}],\"inLanguage\":\"gl-ES\"}]}<\/script>\n<!-- \/ Yoast SEO plugin. -->","yoast_head_json":{"title":"Contacto - Casa das Trabancas","robots":{"index":"index","follow":"follow","max-snippet":"max-snippet:-1","max-image-preview":"max-image-preview:large","max-video-preview":"max-video-preview:-1"},"canonical":"https:\/\/www.casadastrabancas.gal\/gl\/contacto\/","og_locale":"gl_ES","og_type":"article","og_title":"Contacto - Casa das Trabancas","og_description":"R\u00faa Ordo\u00f1ez, 26 \/ 36700 Tui (Pontevedra) Como chegarContactoRedes sociaisfacebooktwitterinstagramDatos de ContactoCoordenas GPSLatitude &gt; 42.0468106 Lonxitude &gt; -8.6472259","og_url":"https:\/\/www.casadastrabancas.gal\/gl\/contacto\/","og_site_name":"Casa das Trabancas","article_modified_time":"2022-02-09T11:54:16+00:00","twitter_card":"summary_large_image","twitter_misc":{"Tempo de lectura":"4 minutos"},"schema":{"@context":"https:\/\/schema.org","@graph":[{"@type":"WebPage","@id":"https:\/\/www.casadastrabancas.gal\/gl\/contacto\/","url":"https:\/\/www.casadastrabancas.gal\/gl\/contacto\/","name":"Contacto - Casa das Trabancas","isPartOf":{"@id":"https:\/\/www.casadastrabancas.gal\/#website"},"datePublished":"2022-02-09T11:54:15+00:00","dateModified":"2022-02-09T11:54:16+00:00","breadcrumb":{"@id":"https:\/\/www.casadastrabancas.gal\/gl\/contacto\/#breadcrumb"},"inLanguage":"gl-ES","potentialAction":[{"@type":"ReadAction","target":["https:\/\/www.casadastrabancas.gal\/gl\/contacto\/"]}]},{"@type":"BreadcrumbList","@id":"https:\/\/www.casadastrabancas.gal\/gl\/contacto\/#breadcrumb","itemListElement":[{"@type":"ListItem","position":1,"name":"Portada","item":"https:\/\/www.casadastrabancas.gal\/"},{"@type":"ListItem","position":2,"name":"Contacto"}]},{"@type":"WebSite","@id":"https:\/\/www.casadastrabancas.gal\/#website","url":"https:\/\/www.casadastrabancas.gal\/","name":"Casa das Trabancas","description":"Vivenda de Uso Tur\u00edstico","potentialAction":[{"@type":"SearchAction","target":{"@type":"EntryPoint","urlTemplate":"https:\/\/www.casadastrabancas.gal\/?s={search_term_string}"},"query-input":{"@type":"PropertyValueSpecification","valueRequired":true,"valueName":"search_term_string"}}],"inLanguage":"gl-ES"}]}},"_links":{"self":[{"href":"https:\/\/www.casadastrabancas.gal\/gl\/wp-json\/wp\/v2\/pages\/2512","targetHints":{"allow":["GET"]}}],"collection":[{"href":"https:\/\/www.casadastrabancas.gal\/gl\/wp-json\/wp\/v2\/pages"}],"about":[{"href":"https:\/\/www.casadastrabancas.gal\/gl\/wp-json\/wp\/v2\/types\/page"}],"author":[{"embeddable":true,"href":"https:\/\/www.casadastrabancas.gal\/gl\/wp-json\/wp\/v2\/users\/1"}],"replies":[{"embeddable":true,"href":"https:\/\/www.casadastrabancas.gal\/gl\/wp-json\/wp\/v2\/comments?post=2512"}],"version-history":[{"count":3,"href":"https:\/\/www.casadastrabancas.gal\/gl\/wp-json\/wp\/v2\/pages\/2512\/revisions"}],"predecessor-version":[{"id":2515,"href":"https:\/\/www.casadastrabancas.gal\/gl\/wp-json\/wp\/v2\/pages\/2512\/revisions\/2515"}],"wp:attachment":[{"href":"https:\/\/www.casadastrabancas.gal\/gl\/wp-json\/wp\/v2\/media?parent=2512"}],"curies":[{"name":"wp","href":"https:\/\/api.w.org\/{rel}","templated":true}]}}