{"id":2524,"date":"2022-02-09T16:05:46","date_gmt":"2022-02-09T15:05:46","guid":{"rendered":"https:\/\/www.casadastrabancas.gal\/politica-de-privacidade\/"},"modified":"2022-02-16T12:04:13","modified_gmt":"2022-02-16T11:04:13","slug":"politica-de-privacidade","status":"publish","type":"page","link":"https:\/\/www.casadastrabancas.gal\/gl\/politica-de-privacidade\/","title":{"rendered":"Pol\u00edtica de Privacidade"},"content":{"rendered":"<p>[et_pb_section fb_built=&#8221;1&#8243; _builder_version=&#8221;4.9.7&#8243; _module_preset=&#8221;default&#8221; custom_margin=&#8221;5em||||false|false&#8221; custom_margin_tablet=&#8221;auto||||false|false&#8221; custom_margin_phone=&#8221;&#8221; custom_margin_last_edited=&#8221;on|desktop&#8221; global_colors_info=&#8221;{}&#8221;][et_pb_row _builder_version=&#8221;4.9.7&#8243; _module_preset=&#8221;default&#8221; global_colors_info=&#8221;{}&#8221;][et_pb_column type=&#8221;4_4&#8243; _builder_version=&#8221;4.9.7&#8243; _module_preset=&#8221;default&#8221; global_colors_info=&#8221;{}&#8221;][et_pb_text ul_position=&#8221;inside&#8221; ul_item_indent=&#8221;30px&#8221; _builder_version=&#8221;4.14.6&#8243; _module_preset=&#8221;default&#8221; text_font=&#8221;Montserrat||||||||&#8221; text_font_size=&#8221;16px&#8221; ul_font=&#8221;Montserrat||||||||&#8221; ul_font_size=&#8221;16px&#8221; header_font=&#8221;Raleway||||||||&#8221; header_text_align=&#8221;center&#8221; header_3_font=&#8221;Raleway|700|||||||&#8221; header_3_font_size=&#8221;20px&#8221; hover_enabled=&#8221;0&#8243; global_colors_info=&#8221;{}&#8221; sticky_enabled=&#8221;0&#8243;]<\/p>\n<h1><strong>POLITICA DE PRIVACIDADE<\/strong><\/h1>\n<p>&nbsp;<\/p>\n<h3>1. INFORMACI\u00d3N AO USUARIO<\/h3>\n<p>&nbsp;<\/p>\n<p>Trasil  Inversi\u00f3ns  sl., como Responsable do Tratamento, inf\u00f3rmalle que, segundo o disposto no Regulamento (UE) 2016\/679, do 27 de abril, ( RGPD) e na  L.Ou. 3\/2018, do 5 de decembro, de protecci\u00f3n de datos e garant\u00eda dos dereitos dixitais ( LOPDGDD), trataremos o seu datos tal e como reflectimos na presente Pol\u00edtica de Privacidade.<\/p>\n<p>Nesta Pol\u00edtica de Privacidade describimos como recollemos os seus datos persoais e por que os recollemos, que facemos con eles, con quen os comparto, como os protexemos e as s\u00faas opci\u00f3ns en canto ao tratamento dos seus datos persoais.<\/p>\n<p>Esta Pol\u00edtica apl\u00edcase ao tratamento dos seus datos persoais recollidos pola empresa para a prestaci\u00f3n dos seus servizos. Se acepta as medidas desta Pol\u00edtica, acepta que tratemos os seus datos persoais como se define nesta Pol\u00edtica.<\/p>\n<p>&nbsp;<\/p>\n<h3>2. CONTACTO<\/h3>\n<p>&nbsp;<\/p>\n<p>Denominaci\u00f3n social: Trasil Inversi\u00f3ns, S.L.<\/p>\n<p>Nome comercial: Casa das Trabancas<\/p>\n<p>CIF: B94026002<\/p>\n<p>Domicilio: R\u00faa Ordo\u00f1ez, 26 36700 Tui-Pontevedra<\/p>\n<p>e-mail: rgpd@casadastrabancas.gal<\/p>\n<p>&nbsp;<\/p>\n<h3>3. PRINCIPIOS CRAVE<\/h3>\n<p>&nbsp;<\/p>\n<p>Sempre estivemos comprometidos con prestar os nosos servizos co m\u00e1is alto grao de calidade, o que incl\u00fae tratar os seus datos con seguridade e transparencia. Os nosos principios son:<\/p>\n<ul>\n<li><strong>Legalidade:<\/strong> S\u00f3 recompilaremos os seus Datos persoais para fins espec\u00edficos, expl\u00edcitos e lex\u00edtimos.<\/li>\n<li><strong>Minimizaci\u00f3n de datos:<\/strong> Limitamos a recollida de datos de car\u00e1cter persoal ao que \u00e9 estritamente relevante e necesario para os fins para os que se recompilaron.<\/li>\n<li><strong>Limitaci\u00f3n da Finalidade:<\/strong> S\u00f3 recolleremos os seus datos persoais para os fins declarados e s\u00f3 segundo os seus desexos.<\/li>\n<li><strong>Precisi\u00f3n:<\/strong> Manteremos os seus datos persoais exactos e actualizados.<\/li>\n<li><strong>Seguridade dos Datos:<\/strong> Aplicamos as medidas t\u00e9cnicas e organizativas adecuadas e proporcionais aos riscos para garantir que os seus datos non sufran danos, tales como divulgaci\u00f3n ou acceso non autorizado, a destruci\u00f3n accidental ou il\u00edcita ou a s\u00faa perda accidental ou alteraci\u00f3n e calquera outra forma de tratamento il\u00edcito.<\/li>\n<li><strong>Acceso e Rectificaci\u00f3n:<\/strong> Dispo\u00f1emos de medios para que acceda ou rectifique os seus datos cando o considere oportuno.<\/li>\n<li><strong>Conservaci\u00f3n:<\/strong> Conservamos os seus datos persoais de maneira legal e apropiada e s\u00f3 mentres \u00e9 necesario para os fins para os que se recompilaron.<\/li>\n<li><strong>As transferencias internacionais:<\/strong> cando se dea o caso de que os seus datos vaian ser transferidos f\u00f3ra da UE\/ EEE protexeranse adecuadamente.<\/li>\n<li><strong>Terceiros<\/strong>: O acceso e transferencia de datos persoais a terceiros levan a cabo de acordo coas leis e regulamentos aplicables e coas garant\u00edas contractuais adecuadas.<\/li>\n<li><strong>Marketing Directo e cookies:<\/strong> Cumprimos coa lexislaci\u00f3n aplicable en materia de publicidade e  cookies.<\/li>\n<\/ul>\n<h3><\/h3>\n<h3><\/h3>\n<h3>4. RECOLLIDA E TRATAMENTO DOS seus DATOS PERSOAIS<\/h3>\n<p>&nbsp;<\/p>\n<p>As tipos de datos que se poden solicitar e tratar son:<\/p>\n<ul>\n<li>Datos de car\u00e1cter identificativo.<\/li>\n<\/ul>\n<p>Tam\u00e9n recollemos de forma autom\u00e1tica datos sobre a s\u00faa visita ao noso sitio web  segundo descr\u00edbese na pol\u00edtica de  cookies.<\/p>\n<p>Sempre que solicitemos os seus Datos persoais, informar\u00e9moslle con claridade de que datos persoais recollemos e con que fin. En xeral, recollemos e tratamos os seus datos persoais co prop\u00f3sito de:<\/p>\n<ul>\n<li>Proporcionar informaci\u00f3n, servizos, produtos, informaci\u00f3n relevante e novidades no sector.<\/li>\n<li>Env\u00edo de comunicaci\u00f3ns.<\/li>\n<\/ul>\n<p>&nbsp;<\/p>\n<h3>5. LEXITIMIDADE<\/h3>\n<p>&nbsp;<\/p>\n<p>De acordo coa normativa de protecci\u00f3n de datos aplicable, os seus datos persoais poder\u00e1n tratarse sempre que:<\/p>\n<ul>\n<li>Deunos o seu consentimento para os efectos do tratamento. Por suposto poder\u00e1 retirar o seu consentimento en calquera momento.<\/li>\n<li>Por requirimento legal.<\/li>\n<li>Por existir un interese lex\u00edtimo que non se vexa menoscabado polos seus dereitos de privacidade, por exemplo o env\u00edo de informaci\u00f3n comercial ben por subscrici\u00f3n \u00e1 nosa newsletter ou pola s\u00faa condici\u00f3n de cliente.<\/li>\n<li>Por ser necesaria para a prestaci\u00f3n dalg\u00fan dos nosos servizos mediante relaci\u00f3n contractual entre vostede e n\u00f3s.<\/li>\n<\/ul>\n<p>&nbsp;<\/p>\n<h3>6. COMUNICACI\u00d3N DE DATOS PERSOAIS<\/h3>\n<p>&nbsp;<\/p>\n<p>Os datos poden ser comunicados a empresas relacionadas coa t\u00faa Trasil Inversi\u00f3ns, S.L. para a prestaci\u00f3n dos diversos servizos en calidade de Encargados do Tratamento. A empresa non realizar\u00e1 ningunha cesi\u00f3n, salvo por obrigaci\u00f3n legal.<\/p>\n<p>&nbsp;<\/p>\n<h3>7. OS SEUS DEREITOS<\/h3>\n<p>&nbsp;<\/p>\n<p>En relaci\u00f3n coa recollida e tratamento dos seus datos persoais, pode po\u00f1erse en contacto connosco en calquera momento para:<\/p>\n<ul>\n<li>Acceder aos seus datos persoais e a calquera outra informaci\u00f3n indicada no Artigo 15.1 do  RGPD<\/li>\n<li>Rectificar os seus datos persoais que sexan inexactos ou estean incompletos de acordo co Artigo 16 do RGPD.<\/li>\n<li>Suprimir os seus datos persoais de acordo co Artigo 17 do  RGPD.<\/li>\n<li>Limitar o tratamento dos seus datos persoais de acordo co Artigo 18 do  RGPD.<\/li>\n<li>Solicitar a  portabilidad dos seus datos de acordo co Artigo 20 do  RGPD.<\/li>\n<li>Opo\u00f1erse ao tratamento dos seus datos persoais de acordo co artigo 21 do  RGPD.<\/li>\n<\/ul>\n<p>Se outorgou o seu consentimento para algunha finalidade concreta, ten dereito a retirar o consentimento outorgado en calquera momento, sen que iso afecte \u00e1  licitud do tratamento baseado no consentimento previo \u00e1 s\u00faa retirada  rrhh.<\/p>\n<p>Pode exercer estes dereitos enviando comunicaci\u00f3n, motivada e acreditada, a admin@casadastrabancas.gal<\/p>\n<p>Tam\u00e9n ten dereito a presentar unha reclamaci\u00f3n #ante a Autoridade de control competente (www.aepd.es) se considera que o tratamento non se axusta \u00e1 normativa vixente.<\/p>\n<p>&nbsp;<\/p>\n<h3>8. INFORMACI\u00d3N LEGAL<\/h3>\n<p>&nbsp;<\/p>\n<p>Os requisitos desta Pol\u00edtica complementan, e non substit\u00faen, calquera outro requisito existente baixo a lei de protecci\u00f3n de datos aplicable, que ser\u00e1 a que prevaleza, en calquera caso.<\/p>\n<p>Esta Pol\u00edtica est\u00e1 suxeita a revisi\u00f3ns peri\u00f3dicas e a empresa pode modificala en calquera momento. Cando isto ocorra, avisar\u00e9moslle de calquera cambio e pedir\u00e9moslle que volva ler a versi\u00f3n m\u00e1is recente da nosa Pol\u00edtica e que confirme a s\u00faa aceptaci\u00f3n.<\/p>\n<p>[\/et_pb_text][\/et_pb_column][\/et_pb_row][\/et_pb_section]<\/p>\n","protected":false},"excerpt":{"rendered":"<p>POLITICA DE PRIVACIDADE &nbsp; 1. INFORMACI\u00d3N AO USUARIO &nbsp; Trasil Inversi\u00f3ns sl., como Responsable do Tratamento, inf\u00f3rmalle que, segundo o disposto no Regulamento (UE) 2016\/679, do 27 de abril, ( RGPD) e na L.Ou. 3\/2018, do 5 de decembro, de protecci\u00f3n de datos e garant\u00eda dos dereitos dixitais ( LOPDGDD), trataremos o seu datos tal [&hellip;]<\/p>\n","protected":false},"author":1,"featured_media":0,"parent":0,"menu_order":0,"comment_status":"closed","ping_status":"closed","template":"","meta":{"_et_pb_use_builder":"on","_et_pb_old_content":"","_et_gb_content_width":"","footnotes":""},"class_list":["post-2524","page","type-page","status-publish","hentry"],"yoast_head":"<!-- This site is optimized with the Yoast SEO plugin v26.5 - https:\/\/yoast.com\/wordpress\/plugins\/seo\/ -->\n<title>Pol\u00edtica de Privacidade - Casa das Trabancas<\/title>\n<meta name=\"robots\" content=\"index, follow, max-snippet:-1, max-image-preview:large, max-video-preview:-1\" \/>\n<link rel=\"canonical\" href=\"https:\/\/www.casadastrabancas.gal\/gl\/politica-de-privacidade\/\" \/>\n<meta property=\"og:locale\" content=\"gl_ES\" \/>\n<meta property=\"og:type\" content=\"article\" \/>\n<meta property=\"og:title\" content=\"Pol\u00edtica de Privacidade - Casa das Trabancas\" \/>\n<meta property=\"og:description\" content=\"POLITICA DE PRIVACIDADE &nbsp; 1. INFORMACI\u00d3N AO USUARIO &nbsp; Trasil Inversi\u00f3ns sl., como Responsable do Tratamento, inf\u00f3rmalle que, segundo o disposto no Regulamento (UE) 2016\/679, do 27 de abril, ( RGPD) e na L.Ou. 3\/2018, do 5 de decembro, de protecci\u00f3n de datos e garant\u00eda dos dereitos dixitais ( LOPDGDD), trataremos o seu datos tal [&hellip;]\" \/>\n<meta property=\"og:url\" content=\"https:\/\/www.casadastrabancas.gal\/gl\/politica-de-privacidade\/\" \/>\n<meta property=\"og:site_name\" content=\"Casa das Trabancas\" \/>\n<meta property=\"article:modified_time\" content=\"2022-02-16T11:04:13+00:00\" \/>\n<meta name=\"twitter:card\" content=\"summary_large_image\" \/>\n<meta name=\"twitter:label1\" content=\"Tempo de lectura\" \/>\n\t<meta name=\"twitter:data1\" content=\"5 minutos\" \/>\n<script type=\"application\/ld+json\" class=\"yoast-schema-graph\">{\"@context\":\"https:\/\/schema.org\",\"@graph\":[{\"@type\":\"WebPage\",\"@id\":\"https:\/\/www.casadastrabancas.gal\/gl\/politica-de-privacidade\/\",\"url\":\"https:\/\/www.casadastrabancas.gal\/gl\/politica-de-privacidade\/\",\"name\":\"Pol\u00edtica de Privacidade - Casa das Trabancas\",\"isPartOf\":{\"@id\":\"https:\/\/www.casadastrabancas.gal\/#website\"},\"datePublished\":\"2022-02-09T15:05:46+00:00\",\"dateModified\":\"2022-02-16T11:04:13+00:00\",\"breadcrumb\":{\"@id\":\"https:\/\/www.casadastrabancas.gal\/gl\/politica-de-privacidade\/#breadcrumb\"},\"inLanguage\":\"gl-ES\",\"potentialAction\":[{\"@type\":\"ReadAction\",\"target\":[\"https:\/\/www.casadastrabancas.gal\/gl\/politica-de-privacidade\/\"]}]},{\"@type\":\"BreadcrumbList\",\"@id\":\"https:\/\/www.casadastrabancas.gal\/gl\/politica-de-privacidade\/#breadcrumb\",\"itemListElement\":[{\"@type\":\"ListItem\",\"position\":1,\"name\":\"Portada\",\"item\":\"https:\/\/www.casadastrabancas.gal\/\"},{\"@type\":\"ListItem\",\"position\":2,\"name\":\"Pol\u00edtica de Privacidade\"}]},{\"@type\":\"WebSite\",\"@id\":\"https:\/\/www.casadastrabancas.gal\/#website\",\"url\":\"https:\/\/www.casadastrabancas.gal\/\",\"name\":\"Casa das Trabancas\",\"description\":\"Vivenda de Uso Tur\u00edstico\",\"potentialAction\":[{\"@type\":\"SearchAction\",\"target\":{\"@type\":\"EntryPoint\",\"urlTemplate\":\"https:\/\/www.casadastrabancas.gal\/?s={search_term_string}\"},\"query-input\":{\"@type\":\"PropertyValueSpecification\",\"valueRequired\":true,\"valueName\":\"search_term_string\"}}],\"inLanguage\":\"gl-ES\"}]}<\/script>\n<!-- \/ Yoast SEO plugin. -->","yoast_head_json":{"title":"Pol\u00edtica de Privacidade - Casa das Trabancas","robots":{"index":"index","follow":"follow","max-snippet":"max-snippet:-1","max-image-preview":"max-image-preview:large","max-video-preview":"max-video-preview:-1"},"canonical":"https:\/\/www.casadastrabancas.gal\/gl\/politica-de-privacidade\/","og_locale":"gl_ES","og_type":"article","og_title":"Pol\u00edtica de Privacidade - Casa das Trabancas","og_description":"POLITICA DE PRIVACIDADE &nbsp; 1. INFORMACI\u00d3N AO USUARIO &nbsp; Trasil Inversi\u00f3ns sl., como Responsable do Tratamento, inf\u00f3rmalle que, segundo o disposto no Regulamento (UE) 2016\/679, do 27 de abril, ( RGPD) e na L.Ou. 3\/2018, do 5 de decembro, de protecci\u00f3n de datos e garant\u00eda dos dereitos dixitais ( LOPDGDD), trataremos o seu datos tal [&hellip;]","og_url":"https:\/\/www.casadastrabancas.gal\/gl\/politica-de-privacidade\/","og_site_name":"Casa das Trabancas","article_modified_time":"2022-02-16T11:04:13+00:00","twitter_card":"summary_large_image","twitter_misc":{"Tempo de lectura":"5 minutos"},"schema":{"@context":"https:\/\/schema.org","@graph":[{"@type":"WebPage","@id":"https:\/\/www.casadastrabancas.gal\/gl\/politica-de-privacidade\/","url":"https:\/\/www.casadastrabancas.gal\/gl\/politica-de-privacidade\/","name":"Pol\u00edtica de Privacidade - Casa das Trabancas","isPartOf":{"@id":"https:\/\/www.casadastrabancas.gal\/#website"},"datePublished":"2022-02-09T15:05:46+00:00","dateModified":"2022-02-16T11:04:13+00:00","breadcrumb":{"@id":"https:\/\/www.casadastrabancas.gal\/gl\/politica-de-privacidade\/#breadcrumb"},"inLanguage":"gl-ES","potentialAction":[{"@type":"ReadAction","target":["https:\/\/www.casadastrabancas.gal\/gl\/politica-de-privacidade\/"]}]},{"@type":"BreadcrumbList","@id":"https:\/\/www.casadastrabancas.gal\/gl\/politica-de-privacidade\/#breadcrumb","itemListElement":[{"@type":"ListItem","position":1,"name":"Portada","item":"https:\/\/www.casadastrabancas.gal\/"},{"@type":"ListItem","position":2,"name":"Pol\u00edtica de Privacidade"}]},{"@type":"WebSite","@id":"https:\/\/www.casadastrabancas.gal\/#website","url":"https:\/\/www.casadastrabancas.gal\/","name":"Casa das Trabancas","description":"Vivenda de Uso Tur\u00edstico","potentialAction":[{"@type":"SearchAction","target":{"@type":"EntryPoint","urlTemplate":"https:\/\/www.casadastrabancas.gal\/?s={search_term_string}"},"query-input":{"@type":"PropertyValueSpecification","valueRequired":true,"valueName":"search_term_string"}}],"inLanguage":"gl-ES"}]}},"_links":{"self":[{"href":"https:\/\/www.casadastrabancas.gal\/gl\/wp-json\/wp\/v2\/pages\/2524","targetHints":{"allow":["GET"]}}],"collection":[{"href":"https:\/\/www.casadastrabancas.gal\/gl\/wp-json\/wp\/v2\/pages"}],"about":[{"href":"https:\/\/www.casadastrabancas.gal\/gl\/wp-json\/wp\/v2\/types\/page"}],"author":[{"embeddable":true,"href":"https:\/\/www.casadastrabancas.gal\/gl\/wp-json\/wp\/v2\/users\/1"}],"replies":[{"embeddable":true,"href":"https:\/\/www.casadastrabancas.gal\/gl\/wp-json\/wp\/v2\/comments?post=2524"}],"version-history":[{"count":4,"href":"https:\/\/www.casadastrabancas.gal\/gl\/wp-json\/wp\/v2\/pages\/2524\/revisions"}],"predecessor-version":[{"id":2730,"href":"https:\/\/www.casadastrabancas.gal\/gl\/wp-json\/wp\/v2\/pages\/2524\/revisions\/2730"}],"wp:attachment":[{"href":"https:\/\/www.casadastrabancas.gal\/gl\/wp-json\/wp\/v2\/media?parent=2524"}],"curies":[{"name":"wp","href":"https:\/\/api.w.org\/{rel}","templated":true}]}}